{"id":1888,"date":"2023-07-24T11:33:29","date_gmt":"2023-07-24T09:33:29","guid":{"rendered":"https:\/\/dsgroup.intarget.net\/privacy-policy\/"},"modified":"2024-10-24T10:30:13","modified_gmt":"2024-10-24T08:30:13","slug":"privacy-policy","status":"publish","type":"page","link":"https:\/\/www.distancesales.com\/it\/privacy-policy\/","title":{"rendered":"Privacy Policy"},"content":{"rendered":"<p>In attuazione dell&#8217;articolo 13 del Regolamento Europeo 679\/2016 relativo alla protezione dei dati personali, c.d. \u201cGeneral Data Protection Regulation\u201d (\u201cGDPR\u201d), desideriamo informarvi che questo sito web (di seguito, \u201c<strong>Sito<\/strong>\u201d) raccoglie dati personali degli utenti che visitano tale Sito (di seguito, \u201c<strong>Utenti<\/strong>\u201d).<\/p>\n<h3><b>Titolare del Trattamento dei Dati<\/b><\/h3>\n<p>Titolare del trattamento (di seguito, \u201c<strong>Titolare<\/strong>\u201d) dei Suoi Dati Personali \u00e8 DS Group S.p.A., con sede legale in Corso Venezia 36, 20121 \u2013 Milano (MI), nella persona del Suo rappresentante legale pro-tempore.<\/p>\n<p>Per ogni informazione e\/o richiesta relativa al trattamento dei dati personali operato sul Sito, il Titolare \u00e8 raggiungibile, oltre che all\u2019indirizzo postale riportato nelle precedenti righe, anche all\u2019indirizzo di posta elettronica: <a href=\"mailto:privacy@dsgroup.it\">privacy@dsgroup.it<\/a>.<\/p>\n<p>Il Titolare d\u00e0 atto di aver nominato il responsabile della protezione dei dati (cd. \u201cDPO\u201d) contattabile all\u2019indirizzo <a href=\"mailto:dpo@dsgroup.it\">dpo@dsgroup.it<\/a>.<\/p>\n<h3><b>Tipologie di Dati raccolti<\/b><\/h3>\n<p>I dati personali possono essere liberamente forniti dall\u2019Utente (ad esempio, quando invia richieste tramite i form o contatta gli indirizzi e-mail presenti sul Sito) o, nel caso di dati di utilizzo, raccolti automaticamente durante l\u2019uso di questo Sito.<\/p>\n<p>I sistemi informatici e le procedure software preposte al funzionamento di questo sito acquisiscono inoltre, nel corso del loro normale esercizio, alcuni dati personali la cui trasmissione \u00e8 implicita nell\u2019uso dei protocolli di comunicazione di Internet.<\/p>\n<p>In questa categoria di dati rientrano gli indirizzi IP o i nomi a dominio dei computer e dei terminali utilizzati dagli utenti, gli indirizzi in notazione URI\/URL (Uniform Resource Identifier\/Locator) delle risorse richieste, l\u2019orario della richiesta, il metodo utilizzato nel sottoporre la richiesta al server, la dimensione del file ottenuto in risposta, il codice numerico indicante lo stato della risposta data dal server (buon fine, errore, ecc.) ed altri parametri relativi al sistema operativo e all\u2019ambiente informatico dell\u2019utente.<\/p>\n<p>Tali dati, necessari per la fruizione dei servizi web, vengono anche trattati allo scopo di:<\/p>\n<p>\u2013 ottenere informazioni statistiche sull\u2019uso dei servizi (pagine pi\u00f9 visitate, numero di visitatori per fascia oraria o giornaliera, aree geografiche di provenienza, ecc.);<br \/>\n\u2013 controllare il corretto funzionamento dei servizi offerti.<\/p>\n<p>I dati di navigazione non persistono per pi\u00f9 di sette giorni (salve eventuali necessit\u00e0 di accertamento di reati da parte dell\u2019Autorit\u00e0 giudiziaria).<\/p>\n<p>Questo Sito utilizza cookie, ossia piccoli file di testo che i siti visitati dagli utenti inviano ai loro terminali, dove vengono memorizzati per poi essere ritrasmessi agli stessi siti in occasione di visite successive. Per maggiori informazioni sull\u2019utilizzo dei cookie si prega di prendere visione della <a href=\"https:\/\/www.distancesales.com\/it\/cookie-policy\/\">Cookie Policy<\/a>.<\/p>\n<p>L\u2019invio di messaggi tramite gli appositi form presenti sul Sito (ad es. form \u201cRichiedi una demo\u201d) comporta la successiva acquisizione dei dati forniti dall\u2019Utente.<\/p>\n<h3><b>Modalit\u00e0 e luogo del trattamento dei Dati raccolti<\/b><\/h3>\n<p>Il Titolare adotta le opportune misure di sicurezza volte ad impedire l\u2019accesso, la divulgazione, la modifica o la distruzione non autorizzate dei dati personali. Il trattamento viene effettuato mediante strumenti informatici e\/o telematici, con modalit\u00e0 organizzative e con logiche strettamente correlate alle finalit\u00e0 indicate.<\/p>\n<p>I dati sono trattati da soggetti autorizzati al trattamento coinvolti nell\u2019organizzazione di questo Sito (ad es. personale amministrativo, commerciale, marketing, legali, amministratori di sistema) ovvero da soggetti esterni (ad es. fornitori di servizi tecnici terzi, hosting provider, societ\u00e0 informatiche, agenzie di comunicazione) nominati anche, se necessario, responsabili del trattamento (di seguito, \u201c<strong>Responsabili<\/strong>\u201d) da parte del Titolare (ai sensi dell\u2019art. 28 del GDPR). L\u2019elenco aggiornato dei Responsabili potr\u00e0 sempre essere richiesto al Titolare.\u00a0I dati personali potranno essere comunicati altres\u00ec, in conformit\u00e0 alla legge, a forze di polizia, all\u2019autorit\u00e0 giudiziaria, a organismi di informazione e sicurezza o ad altri soggetti pubblici per finalit\u00e0 di difesa o di sicurezza dello Stato o di prevenzione, accertamento o repressione dei reati.<\/p>\n<h3>Luogo<\/h3>\n<p>I Dati sono trattati presso le sedi operative del Titolare ed in ogni altro luogo in cui le parti coinvolte nel trattamento siano localizzate. I dati personali degli Utenti potranno essere oggetto di trasferimento presso Paesi terzi che garantiscono un livello di sicurezza adeguato agli standard europei e per i quali \u00e8 stata emessa una decisione di adeguatezza della Commissione Europea ai sensi dell\u2019art. 45 GDPR oppure unicamente laddove, salva l\u2019applicazione di deroghe ai sensi dell\u2019art. 49 GDPR, il Titolare abbia sottoscritto con le terze parti intenzionate a ricevere i dati e aventi sedi in paesi extra-UE che non garantiscono lo stesso livello di sicurezza degli standard europei, clausole contrattuali standard o altro strumento appropriato ai sensi dell\u2019art. 46 GDPR, integrate con eventuali misure di sicurezza supplementari.<\/p>\n<h3><b>Base giuridica e finalit\u00e0 del Trattamento dei Dati raccolti<\/b><\/h3>\n<p>Il trattamento dei dati personali dell\u2019Utente da parte del Titolare \u00e8 finalizzato a:<\/p>\n<p>a) perseguire, conformemente all\u2019art. 6.1, lett. f) del GDPR, un proprio legittimo interesse, consistente nella gestione e funzionamento del Sito, nonch\u00e9 al fine di garantire la sicurezza del Sito e delle informazioni sullo stesso scambiate, ossia la capacit\u00e0 di tale Sito di resistere, a un dato livello di sicurezza, a eventi imprevisti o ad atti illeciti o dolosi che compromettano la disponibilit\u00e0, l\u2019autenticit\u00e0, l\u2019integrit\u00e0 e la riservatezza dei dati personali conservati o trasmessi e la sicurezza dei relativi servizi offerti o resi accessibili;<br \/>\nb) evadere le richieste di informazioni trasmesse tramite gli appositi form pubblicati sul Sito ai sensi dell\u2019art. 6.1, lett. b) del GDPR.<\/p>\n<h3><b>Conseguenze nel rifiuto di fornire i dati<\/b><\/h3>\n<p>Il conferimento dei dati per le finalit\u00e0 di cui al precedente paragrafo ha natura obbligatoria ed \u00e8 funzionale al perseguimento delle finalit\u00e0 descritte al precedente paragrafo. Un eventuale rifiuto dell\u2019Utente a tale trattamento renderebbe pertanto impossibile il funzionamento del Sito o dare riscontro alla richiesta di informazioni da parte dell\u2019Utente.<\/p>\n<h3><b>Periodo di conservazione dei dati<\/b><\/h3>\n<p>I dati personali dell\u2019Utente saranno trattati dal Titolare per il tempo occorrente allo svolgimento di verifiche per eventuali illeciti commessi sul Sito, nel caso delle finalit\u00e0 di cui alla lett. a), nonch\u00e9 per il tempo necessario al riscontro alla richiesta di informazioni da parte dell\u2019Utente, per le finalit\u00e0 di cui alla lett. b).<\/p>\n<h3><b>Diritti dell\u2019Utente<\/b><\/h3>\n<p>All\u2019Utente sono garantiti i diritti di cui agli artt. 15 e ss. del GDPR, consistenti essenzialmente nel diritto di ricevere dal Titolare informazioni in merito all\u2019esistenza del trattamento dei suoi dati personali, nonch\u00e9 di accedere ai propri dati, di ottenerne la rettifica, l\u2019integrazione, l\u2019aggiornamento o la cancellazione; ciascun interessato, inoltre, avr\u00e0 altres\u00ec il diritto di ottenere una copia dei suoi dati, la limitazione del trattamento e\/o, ancora, di opporsi al loro trattamento, oltre al diritto alla portabilit\u00e0 dei dati e a proporre reclamo i al Garante per la protezione dei dati personali, secondo le procedure e le indicazioni pubblicate sul sito web dell\u2019Autorit\u00e0, disponibili all\u2019indirizzo <a href=\"https:\/\/www.garanteprivacy.it\/\" target=\"_blank\" rel=\"noopener\">https:\/\/www.garanteprivacy.it\/<\/a>.<\/p>\n<p>Per esercitare tali diritti l\u2019Utente pu\u00f2 inviare una comunicazione al Titolare del trattamento all\u2019indirizzo indicato nell\u2019intestazione della pagina a mezzo raccomandata A\/R ovvero a mezzo posta elettronica e-mail all\u2019indirizzo: <a href=\"mailto:privacy@dsgroup.it\">privacy@dsgroup.it<\/a> ovvero contattando il responsabile per la protezione dei dati personali all\u2019indirizzo\u00a0<a href=\"mailto:dpo@dsgroup.it\">dpo@dsgroup.it<\/a><\/p>\n<h3><b>Ulteriori informazioni sul trattamento<\/b><\/h3>\n<h4>Modifiche a questa privacy policy<\/h4>\n<p>Il Titolare si riserva il diritto di apportare modifiche alla presente privacy policy in qualunque momento dandone informazione agli Utenti su questo Sito nonch\u00e9, qualora tecnicamente e legalmente fattibile, inviando una notifica agli Utenti attraverso uno degli estremi di contatto di cui \u00e8 in possesso il Titolare.<\/p>\n<p>Data ultimo aggiornamento: 23.10.2024<\/p>\n","protected":false},"excerpt":{"rendered":"<p>In attuazione dell&#8217;articolo 13 del Regolamento Europeo 679\/2016 relativo alla protezione dei dati personali, c.d. \u201cGeneral Data Protection Regulation\u201d (\u201cGDPR\u201d), desideriamo informarvi che questo sito web (di seguito, \u201cSito\u201d) raccoglie dati personali degli utenti che visitano tale Sito (di seguito, \u201cUtenti\u201d). Titolare del Trattamento dei Dati Titolare del trattamento (di seguito, \u201cTitolare\u201d) dei Suoi Dati &hellip; <a href=\"https:\/\/www.distancesales.com\/it\/privacy-policy\/\">Continued<\/a><\/p>\n","protected":false},"author":2,"featured_media":0,"parent":0,"menu_order":0,"comment_status":"closed","ping_status":"open","template":"","meta":{"_acf_changed":false,"inline_featured_image":false,"_monsterinsights_skip_tracking":false,"_monsterinsights_sitenote_active":false,"_monsterinsights_sitenote_note":"","_monsterinsights_sitenote_category":0,"footnotes":""},"class_list":["post-1888","page","type-page","status-publish","hentry"],"acf":[],"yoast_head":"<!-- This site is optimized with the Yoast SEO plugin v24.5 - https:\/\/yoast.com\/wordpress\/plugins\/seo\/ -->\n<title>Privacy Policy - Distance Sales: assisti i clienti a distanza<\/title>\n<meta name=\"robots\" content=\"index, follow, max-snippet:-1, max-image-preview:large, max-video-preview:-1\" \/>\n<link rel=\"canonical\" href=\"https:\/\/www.distancesales.com\/it\/privacy-policy\/\" \/>\n<meta property=\"og:locale\" content=\"it_IT\" \/>\n<meta property=\"og:type\" content=\"article\" \/>\n<meta property=\"og:title\" content=\"Privacy Policy - Distance Sales: assisti i clienti a distanza\" \/>\n<meta property=\"og:description\" content=\"In attuazione dell&#8217;articolo 13 del Regolamento Europeo 679\/2016 relativo alla protezione dei dati personali, c.d. \u201cGeneral Data Protection Regulation\u201d (\u201cGDPR\u201d), desideriamo informarvi che questo sito web (di seguito, \u201cSito\u201d) raccoglie dati personali degli utenti che visitano tale Sito (di seguito, \u201cUtenti\u201d). Titolare del Trattamento dei Dati Titolare del trattamento (di seguito, \u201cTitolare\u201d) dei Suoi Dati &hellip; Continued\" \/>\n<meta property=\"og:url\" content=\"https:\/\/www.distancesales.com\/it\/privacy-policy\/\" \/>\n<meta property=\"og:site_name\" content=\"Distance Sales: assisti i clienti a distanza\" \/>\n<meta property=\"article:modified_time\" content=\"2024-10-24T08:30:13+00:00\" \/>\n<meta name=\"twitter:card\" content=\"summary_large_image\" \/>\n<meta name=\"twitter:label1\" content=\"Tempo di lettura stimato\" \/>\n\t<meta name=\"twitter:data1\" content=\"6 minuti\" \/>\n<script type=\"application\/ld+json\" class=\"yoast-schema-graph\">{\"@context\":\"https:\/\/schema.org\",\"@graph\":[{\"@type\":\"WebPage\",\"@id\":\"https:\/\/www.distancesales.com\/it\/privacy-policy\/\",\"url\":\"https:\/\/www.distancesales.com\/it\/privacy-policy\/\",\"name\":\"Privacy Policy - Distance Sales: assisti i clienti a distanza\",\"isPartOf\":{\"@id\":\"https:\/\/www.distancesales.com\/it\/#website\"},\"datePublished\":\"2023-07-24T09:33:29+00:00\",\"dateModified\":\"2024-10-24T08:30:13+00:00\",\"breadcrumb\":{\"@id\":\"https:\/\/www.distancesales.com\/it\/privacy-policy\/#breadcrumb\"},\"inLanguage\":\"it-IT\",\"potentialAction\":[{\"@type\":\"ReadAction\",\"target\":[\"https:\/\/www.distancesales.com\/it\/privacy-policy\/\"]}]},{\"@type\":\"BreadcrumbList\",\"@id\":\"https:\/\/www.distancesales.com\/it\/privacy-policy\/#breadcrumb\",\"itemListElement\":[{\"@type\":\"ListItem\",\"position\":1,\"name\":\"Home\",\"item\":\"https:\/\/www.distancesales.com\/it\/\"},{\"@type\":\"ListItem\",\"position\":2,\"name\":\"Privacy Policy\"}]},{\"@type\":\"WebSite\",\"@id\":\"https:\/\/www.distancesales.com\/it\/#website\",\"url\":\"https:\/\/www.distancesales.com\/it\/\",\"name\":\"Distance Sales: assisti i clienti a distanza\",\"description\":\"Distance Sales \u00e8 l\u2019alternativa alla consulenza in presenza, che permette di offrire un\u2019esperienza personalizzata ai clienti, ovunque si trovino.\",\"potentialAction\":[{\"@type\":\"SearchAction\",\"target\":{\"@type\":\"EntryPoint\",\"urlTemplate\":\"https:\/\/www.distancesales.com\/it\/?s={search_term_string}\"},\"query-input\":{\"@type\":\"PropertyValueSpecification\",\"valueRequired\":true,\"valueName\":\"search_term_string\"}}],\"inLanguage\":\"it-IT\"}]}<\/script>\n<!-- \/ Yoast SEO plugin. -->","yoast_head_json":{"title":"Privacy Policy - Distance Sales: assisti i clienti a distanza","robots":{"index":"index","follow":"follow","max-snippet":"max-snippet:-1","max-image-preview":"max-image-preview:large","max-video-preview":"max-video-preview:-1"},"canonical":"https:\/\/www.distancesales.com\/it\/privacy-policy\/","og_locale":"it_IT","og_type":"article","og_title":"Privacy Policy - Distance Sales: assisti i clienti a distanza","og_description":"In attuazione dell&#8217;articolo 13 del Regolamento Europeo 679\/2016 relativo alla protezione dei dati personali, c.d. \u201cGeneral Data Protection Regulation\u201d (\u201cGDPR\u201d), desideriamo informarvi che questo sito web (di seguito, \u201cSito\u201d) raccoglie dati personali degli utenti che visitano tale Sito (di seguito, \u201cUtenti\u201d). Titolare del Trattamento dei Dati Titolare del trattamento (di seguito, \u201cTitolare\u201d) dei Suoi Dati &hellip; Continued","og_url":"https:\/\/www.distancesales.com\/it\/privacy-policy\/","og_site_name":"Distance Sales: assisti i clienti a distanza","article_modified_time":"2024-10-24T08:30:13+00:00","twitter_card":"summary_large_image","twitter_misc":{"Tempo di lettura stimato":"6 minuti"},"schema":{"@context":"https:\/\/schema.org","@graph":[{"@type":"WebPage","@id":"https:\/\/www.distancesales.com\/it\/privacy-policy\/","url":"https:\/\/www.distancesales.com\/it\/privacy-policy\/","name":"Privacy Policy - Distance Sales: assisti i clienti a distanza","isPartOf":{"@id":"https:\/\/www.distancesales.com\/it\/#website"},"datePublished":"2023-07-24T09:33:29+00:00","dateModified":"2024-10-24T08:30:13+00:00","breadcrumb":{"@id":"https:\/\/www.distancesales.com\/it\/privacy-policy\/#breadcrumb"},"inLanguage":"it-IT","potentialAction":[{"@type":"ReadAction","target":["https:\/\/www.distancesales.com\/it\/privacy-policy\/"]}]},{"@type":"BreadcrumbList","@id":"https:\/\/www.distancesales.com\/it\/privacy-policy\/#breadcrumb","itemListElement":[{"@type":"ListItem","position":1,"name":"Home","item":"https:\/\/www.distancesales.com\/it\/"},{"@type":"ListItem","position":2,"name":"Privacy Policy"}]},{"@type":"WebSite","@id":"https:\/\/www.distancesales.com\/it\/#website","url":"https:\/\/www.distancesales.com\/it\/","name":"Distance Sales: assisti i clienti a distanza","description":"Distance Sales \u00e8 l\u2019alternativa alla consulenza in presenza, che permette di offrire un\u2019esperienza personalizzata ai clienti, ovunque si trovino.","potentialAction":[{"@type":"SearchAction","target":{"@type":"EntryPoint","urlTemplate":"https:\/\/www.distancesales.com\/it\/?s={search_term_string}"},"query-input":{"@type":"PropertyValueSpecification","valueRequired":true,"valueName":"search_term_string"}}],"inLanguage":"it-IT"}]}},"_links":{"self":[{"href":"https:\/\/www.distancesales.com\/it\/wp-json\/wp\/v2\/pages\/1888","targetHints":{"allow":["GET"]}}],"collection":[{"href":"https:\/\/www.distancesales.com\/it\/wp-json\/wp\/v2\/pages"}],"about":[{"href":"https:\/\/www.distancesales.com\/it\/wp-json\/wp\/v2\/types\/page"}],"author":[{"embeddable":true,"href":"https:\/\/www.distancesales.com\/it\/wp-json\/wp\/v2\/users\/2"}],"replies":[{"embeddable":true,"href":"https:\/\/www.distancesales.com\/it\/wp-json\/wp\/v2\/comments?post=1888"}],"version-history":[{"count":10,"href":"https:\/\/www.distancesales.com\/it\/wp-json\/wp\/v2\/pages\/1888\/revisions"}],"predecessor-version":[{"id":3189,"href":"https:\/\/www.distancesales.com\/it\/wp-json\/wp\/v2\/pages\/1888\/revisions\/3189"}],"wp:attachment":[{"href":"https:\/\/www.distancesales.com\/it\/wp-json\/wp\/v2\/media?parent=1888"}],"curies":[{"name":"wp","href":"https:\/\/api.w.org\/{rel}","templated":true}]}}