{"id":1945,"date":"2023-09-11T17:40:55","date_gmt":"2023-09-11T15:40:55","guid":{"rendered":"https:\/\/dsgroup.intarget.net\/cookie-policy\/"},"modified":"2024-11-08T11:41:29","modified_gmt":"2024-11-08T10:41:29","slug":"cookie-policy","status":"publish","type":"page","link":"https:\/\/www.distancesales.com\/fr\/cookie-policy\/","title":{"rendered":"Cookie Policy"},"content":{"rendered":"<p>Le propri\u00e9taire du Site, <strong>DS Group S.p.A.<\/strong> (&#8220;<strong>DS Group<\/strong>&#8220;), ayant son si\u00e8ge social sis \u00e0 Corso Venezia 36, 20121 &#8211; Milan (MI), adresse e-mail <a href=\"mailto:privacy@dsgroup.it\">privacy@dsgroup.it<\/a> (ci-apr\u00e8s, par souci de concision, &#8220;<strong>Propri\u00e9taire<\/strong>&#8220;), fournit \u00e0 l&#8217;utilisateur l\u2019int\u00e9gralit\u00e9 des informations concernant les cookies install\u00e9s sur le site <a href=\"https:\/\/www.distancesales.com\/\">https:\/\/www.distancesales.com\/<\/a> (ci-apr\u00e8s, par souci de concision, &#8220;<strong>Utilisateur<\/strong>&#8221; et &#8220;<strong>Site<\/strong>&#8220;) ainsi que les informations n\u00e9cessaires pour g\u00e9rer ses pr\u00e9f\u00e9rences en la mati\u00e8re. Pour plus d&#8217;informations sur les donn\u00e9es et les modalit\u00e9s de traitement, les cat\u00e9gories de destinataires, les droits de la personne concern\u00e9e et les modalit\u00e9s de leur exercice, veuillez consulter la <a href=\"https:\/\/www.distancesales.com\/fr\/privacy-policy\/\">politique de confidentialit\u00e9<\/a> du Site.<\/p>\n<p>Le Propri\u00e9taire reconna\u00eet avoir d\u00e9sign\u00e9 un responsable de la protection des donn\u00e9es (&#8220;DPO&#8221;), qui peut \u00eatre contact\u00e9 \u00e0 l&#8217;adresse <a href=\"mailto:dpo@dsgroup.it\">dpo@dsgroup.it<\/a>.<\/p>\n<p><strong>1. INFORMATIONS G\u00c9N\u00c9RALES SUR LES COOKIES<\/strong><\/p>\n<p><strong>1.1 D\u00e9finition<\/strong><\/p>\n<p>Les cookies sont de petits fichiers texte que les sites visit\u00e9s par les utilisateurs envoient \u00e0 leurs terminaux, o\u00f9 ils sont enregistr\u00e9s et ensuite retransmis aux m\u00eames sites lors de visites ult\u00e9rieures. Les cookies sont utilis\u00e9s \u00e0 des fins multiples, pr\u00e9sentent diff\u00e9rentes particularit\u00e9s et peuvent \u00eatre utilis\u00e9s soit par le propri\u00e9taire du site visit\u00e9 par l&#8217;utilisateur, soit par des tiers. Les principales cat\u00e9gories de cookies sont les suivantes:<\/p>\n<ul>\n<li>cookies de session ou permanents;<\/li>\n<li>cookies techniques ou de profilage;<\/li>\n<li>cookies internes ou de tiers.<\/li>\n<\/ul>\n<p><strong>1.2 Cookies de session et cookies permanents<\/strong><\/p>\n<p>Les cookies peuvent expirer \u00e0 la fin d&#8217;une session de navigation (de l&#8217;ouverture et \u00e0 la fermeture d&#8217;une fen\u00eatre de navigation par l&#8217;Utilisateur) ou \u00eatre stock\u00e9s pendant une p\u00e9riode plus longue. Les cookies de session sont ceux qui permettent aux sites web de relier les actions d&#8217;un utilisateur au cours d&#8217;une session de navigation. Les cookies de session expirent \u00e0 la fin de la session du navigateur. Les cookies permanents sont stock\u00e9s sur l&#8217;appareil d&#8217;un utilisateur hors des sessions de navigation, pour des dur\u00e9es variables, et permettent d\u2019enregistrer les pr\u00e9f\u00e9rences ou les actions de l&#8217;Utilisateur concernant un site web.<\/p>\n<p><strong>1.3 Cookies techniques et cookies de profilage<\/strong><\/p>\n<p>Les cookies techniques sont utilis\u00e9s par le propri\u00e9taire d&#8217;un site dans le seul but de transmettre une communication sur un r\u00e9seau de communication \u00e9lectronique, ou dans la mesure strictement n\u00e9cessaire au fournisseur d&#8217;un service de la soci\u00e9t\u00e9 de l&#8217;information explicitement demand\u00e9 par l&#8217;abonn\u00e9 ou l&#8217;utilisateur pour fournir ledit service. Le consentement pr\u00e9alable des utilisateurs n&#8217;est pas requis pour l&#8217;installation de ces cookies lorsqu&#8217;ils sont utilis\u00e9s directement par la personne charg\u00e9e de la gestion du site.<\/p>\n<p>Les cookies de profilage sont con\u00e7us pour cr\u00e9er des profils de l&#8217;utilisateur et sont utilis\u00e9s pour envoyer des messages publicitaires en fonction des pr\u00e9f\u00e9rences exprim\u00e9es par celui-ci lorsqu&#8217;il navigue sur le web. En raison du caract\u00e8re particuli\u00e8rement envahissant que ces cookies peuvent avoir sur la sph\u00e8re priv\u00e9e des utilisateurs, les l\u00e9gislations europ\u00e9enne et italienne pr\u00e9voient que l&#8217;Utilisateur doit \u00eatre inform\u00e9 de mani\u00e8re ad\u00e9quate de l&#8217;utilisation de ces cookies, au moyen d&#8217;une information br\u00e8ve (banni\u00e8re) et d&#8217;une note plus d\u00e9taill\u00e9e sur le site, et qu&#8217;il doit donner son consentement expr\u00e8s \u00e0 ce sujet lors de sa premi\u00e8re visite sur le site. Ce consentement peut \u00eatre exprim\u00e9 en interagissant avec la banni\u00e8re d&#8217;information sur la page d&#8217;acc\u00e8s au site, de la mani\u00e8re indiqu\u00e9e dans ladite banni\u00e8re, ou il peut \u00eatre donn\u00e9 ou refus\u00e9 de mani\u00e8re s\u00e9lective, de la mani\u00e8re indiqu\u00e9e ci-dessous. Un enregistrement de ce consentement est conserv\u00e9 lors des visites ult\u00e9rieures. Toutefois, l&#8217;utilisateur a toujours la possibilit\u00e9 de r\u00e9voquer tout ou partie du consentement d\u00e9j\u00e0 donn\u00e9.<\/p>\n<p><strong>1.4 Cookies interne ou de tiers<\/strong><\/p>\n<p>Un cookie est soit un &#8220;cookie interne&#8221; (first party cookie), soit un &#8220;cookie de tiers&#8221; (third party cookie), en fonction du site web ou du domaine d&#8217;origine.<\/p>\n<p>Les cookies internes sont, par essence, des cookies mis en place et g\u00e9r\u00e9s par le propri\u00e9taire du site, tandis que les cookies de tiers sont des cookies mis en place par un domaine autre que celui visit\u00e9 par l&#8217;utilisateur.<\/p>\n<p><strong>2. UTILISATION DES COOKIES PAR LE SITE<\/strong><\/p>\n<p>Ce site utilise des cookies exploit\u00e9s par des tiers (cookie de tiers).<\/p>\n<p>Lors de votre premi\u00e8re navigation sur le Site, vous verrez appara\u00eetre une banni\u00e8re vous demandant d&#8217;accepter tous les cookies (en cliquant sur \u00ab accepter tous \u00bb), de refuser les cookies inutiles (en cliquant sur \u00ab refuser tous \u00bb) ou de personnaliser vos choix en cliquant sur le bouton \u00ab personnaliser \u00bb. En outre, en cliquant sur le X en haut \u00e0 droite de la banni\u00e8re relative aux cookies, vous pourrez refuser les cookies inutiles. Les cookies sont consid\u00e9r\u00e9s comme n\u00e9cessaires lorsqu&#8217;ils sont utilis\u00e9s pour assurer le fonctionnement et la fourniture du site et, par cons\u00e9quent, ne n\u00e9cessitent pas de consentement pour leur installation.<\/p>\n<p>En cliquant sur \u00ab personnaliser \u00bb, l&#8217;utilisateur peut s\u00e9lectionner et\/ou d\u00e9sactiver les cookies \u00e0 tout moment en utilisant l&#8217;espace \u00ab Personnaliser \u00bb disponible dans la banni\u00e8re de cookies pr\u00e9sent\u00e9e \u00e0 l&#8217;utilisateur lors de son premier acc\u00e8s ou par le biais de liens sp\u00e9cifiques sur le site. Cette fonctionnalit\u00e9 permet \u00e0 l&#8217;Utilisateur d&#8217;acc\u00e9der \u00e0 un espace d\u00e9di\u00e9 o\u00f9 il peut s\u00e9lectionner, de mani\u00e8re analytique, les cookies regroup\u00e9s par cat\u00e9gories homog\u00e8nes, \u00e0 l&#8217;utilisation desquels l&#8217;Utilisateur choisit de consentir ou de s&#8217;opposer, ainsi que de confirmer ses choix ant\u00e9rieurs. La liste des cookies regroup\u00e9s par cat\u00e9gories homog\u00e8nes, ainsi que la liste des tiers, est constamment mise \u00e0 jour.<\/p>\n<p>En outre, l\u2019utilisateur peut g\u00e9rer ses pr\u00e9f\u00e9rences en mati\u00e8re de cookies directement dans son navigateur et emp\u00eacher, par exemple, des tiers d&#8217;installer des cookies. Il est \u00e9galement possible utiliser les pr\u00e9f\u00e9rences de votre navigateur pour supprimer les cookies qui ont \u00e9t\u00e9 install\u00e9s auparavant, y compris le cookie pouvant avoir servi \u00e0 enregistrer le consentement \u00e0 l&#8217;installation de cookies par ce Site. Il est important de noter qu&#8217;en d\u00e9sactivant tous les cookies, le fonctionnement de ce Site pourrait \u00eatre alt\u00e9r\u00e9. Vous trouverez des informations sur la mani\u00e8re de g\u00e9rer et\/ou de bloquer les cookies dans votre navigateur aux adresses suivantes:<\/p>\n<ul>\n<li><a href=\"https:\/\/support.google.com\/chrome\/answer\/95647?hl=fr&amp;p=cpn_cookies\" target=\"_blank\" rel=\"noopener\">Google Chrome<\/a><\/li>\n<li><a href=\"https:\/\/support.mozilla.org\/fr\/kb\/protection-renforcee-contre-pistage-firefox-ordinateur?redirectslug=enable-and-disable-cookies-website-preferences&amp;redirectlocale=en-US\" target=\"_blank\" rel=\"noopener\">Mozilla Firefox<\/a><\/li>\n<li><a href=\"https:\/\/support.apple.com\/fr-fr\/guide\/safari\/sfri11471\/mac\" target=\"_blank\" rel=\"noopener\">Apple Safari<\/a><\/li>\n<li><a href=\"https:\/\/support.microsoft.com\/fr-fr\/windows\/g%C3%A9rer-les-cookies-dans-microsoft-edge-afficher-autoriser-bloquer-supprimer-et-utiliser-168dab11-0753-043d-7c16-ede5947fc64d\" target=\"_blank\" rel=\"noopener\">Microsoft Windows Explorer<\/a><\/li>\n<li><a href=\"https:\/\/support.microsoft.com\/fr-fr\/windows\/g%C3%A9rer-les-cookies-dans-microsoft-edge-afficher-autoriser-bloquer-supprimer-et-utiliser-168dab11-0753-043d-7c16-ede5947fc64d\" target=\"_blank\" rel=\"noopener\">Microsoft Edge<\/a><\/li>\n<\/ul>\n<p><strong>3. MISE \u00c0 JOUR DE CETTE POLITIQUE EN MATI\u00c8RE DE COOKIES<\/strong><\/p>\n<p>Cette politique en mati\u00e8re de cookies a \u00e9t\u00e9 mise \u00e0 jour le 8.11.2024. Chaque mise \u00e0 jour ult\u00e9rieure fera l\u2019objet d\u2019une publication sur cette page.<\/p>\n","protected":false},"excerpt":{"rendered":"<p>Le propri\u00e9taire du Site, DS Group S.p.A. (&#8220;DS Group&#8220;), ayant son si\u00e8ge social sis \u00e0 Corso Venezia 36, 20121 &#8211; Milan (MI), adresse e-mail privacy@dsgroup.it (ci-apr\u00e8s, par souci de concision, &#8220;Propri\u00e9taire&#8220;), fournit \u00e0 l&#8217;utilisateur l\u2019int\u00e9gralit\u00e9 des informations concernant les cookies install\u00e9s sur le site https:\/\/www.distancesales.com\/ (ci-apr\u00e8s, par souci de concision, &#8220;Utilisateur&#8221; et &#8220;Site&#8220;) ainsi que &hellip; <a href=\"https:\/\/www.distancesales.com\/fr\/cookie-policy\/\">Continued<\/a><\/p>\n","protected":false},"author":2,"featured_media":0,"parent":0,"menu_order":0,"comment_status":"closed","ping_status":"closed","template":"","meta":{"_acf_changed":false,"inline_featured_image":false,"_monsterinsights_skip_tracking":false,"_monsterinsights_sitenote_active":false,"_monsterinsights_sitenote_note":"","_monsterinsights_sitenote_category":0,"footnotes":""},"class_list":["post-1945","page","type-page","status-publish","hentry"],"acf":[],"yoast_head":"<!-- This site is optimized with the Yoast SEO plugin v24.5 - https:\/\/yoast.com\/wordpress\/plugins\/seo\/ -->\n<title>Cookie Policy - Distance Sales: assister les clients \u00e0 distance<\/title>\n<meta name=\"robots\" content=\"index, follow, max-snippet:-1, max-image-preview:large, max-video-preview:-1\" \/>\n<link rel=\"canonical\" href=\"https:\/\/www.distancesales.com\/fr\/cookie-policy\/\" \/>\n<meta property=\"og:locale\" content=\"fr_FR\" \/>\n<meta property=\"og:type\" content=\"article\" \/>\n<meta property=\"og:title\" content=\"Cookie Policy - Distance Sales: assister les clients \u00e0 distance\" \/>\n<meta property=\"og:description\" content=\"Le propri\u00e9taire du Site, DS Group S.p.A. (&#8220;DS Group&#8220;), ayant son si\u00e8ge social sis \u00e0 Corso Venezia 36, 20121 &#8211; Milan (MI), adresse e-mail privacy@dsgroup.it (ci-apr\u00e8s, par souci de concision, &#8220;Propri\u00e9taire&#8220;), fournit \u00e0 l&#8217;utilisateur l\u2019int\u00e9gralit\u00e9 des informations concernant les cookies install\u00e9s sur le site https:\/\/www.distancesales.com\/ (ci-apr\u00e8s, par souci de concision, &#8220;Utilisateur&#8221; et &#8220;Site&#8220;) ainsi que &hellip; Continued\" \/>\n<meta property=\"og:url\" content=\"https:\/\/www.distancesales.com\/fr\/cookie-policy\/\" \/>\n<meta property=\"og:site_name\" content=\"Distance Sales: assister les clients \u00e0 distance\" \/>\n<meta property=\"article:modified_time\" content=\"2024-11-08T10:41:29+00:00\" \/>\n<meta name=\"twitter:card\" content=\"summary_large_image\" \/>\n<meta name=\"twitter:label1\" content=\"Est. reading time\" \/>\n\t<meta name=\"twitter:data1\" content=\"5 minutes\" \/>\n<script type=\"application\/ld+json\" class=\"yoast-schema-graph\">{\"@context\":\"https:\/\/schema.org\",\"@graph\":[{\"@type\":\"WebPage\",\"@id\":\"https:\/\/www.distancesales.com\/fr\/cookie-policy\/\",\"url\":\"https:\/\/www.distancesales.com\/fr\/cookie-policy\/\",\"name\":\"Cookie Policy - Distance Sales: assister les clients \u00e0 distance\",\"isPartOf\":{\"@id\":\"https:\/\/www.distancesales.com\/fr\/#website\"},\"datePublished\":\"2023-09-11T15:40:55+00:00\",\"dateModified\":\"2024-11-08T10:41:29+00:00\",\"breadcrumb\":{\"@id\":\"https:\/\/www.distancesales.com\/fr\/cookie-policy\/#breadcrumb\"},\"inLanguage\":\"fr-FR\",\"potentialAction\":[{\"@type\":\"ReadAction\",\"target\":[\"https:\/\/www.distancesales.com\/fr\/cookie-policy\/\"]}]},{\"@type\":\"BreadcrumbList\",\"@id\":\"https:\/\/www.distancesales.com\/fr\/cookie-policy\/#breadcrumb\",\"itemListElement\":[{\"@type\":\"ListItem\",\"position\":1,\"name\":\"Home\",\"item\":\"https:\/\/www.distancesales.com\/fr\/\"},{\"@type\":\"ListItem\",\"position\":2,\"name\":\"Cookie Policy\"}]},{\"@type\":\"WebSite\",\"@id\":\"https:\/\/www.distancesales.com\/fr\/#website\",\"url\":\"https:\/\/www.distancesales.com\/fr\/\",\"name\":\"Distance Sales: assister les clients \u00e0 distance\",\"description\":\"Distance Sales est l&#039;alternative au conseil en personne, qui vous permet d&#039;offrir une exp\u00e9rience personnalis\u00e9e aux clients, o\u00f9 qu&#039;ils se trouvent.\",\"potentialAction\":[{\"@type\":\"SearchAction\",\"target\":{\"@type\":\"EntryPoint\",\"urlTemplate\":\"https:\/\/www.distancesales.com\/fr\/?s={search_term_string}\"},\"query-input\":{\"@type\":\"PropertyValueSpecification\",\"valueRequired\":true,\"valueName\":\"search_term_string\"}}],\"inLanguage\":\"fr-FR\"}]}<\/script>\n<!-- \/ Yoast SEO plugin. -->","yoast_head_json":{"title":"Cookie Policy - Distance Sales: assister les clients \u00e0 distance","robots":{"index":"index","follow":"follow","max-snippet":"max-snippet:-1","max-image-preview":"max-image-preview:large","max-video-preview":"max-video-preview:-1"},"canonical":"https:\/\/www.distancesales.com\/fr\/cookie-policy\/","og_locale":"fr_FR","og_type":"article","og_title":"Cookie Policy - Distance Sales: assister les clients \u00e0 distance","og_description":"Le propri\u00e9taire du Site, DS Group S.p.A. (&#8220;DS Group&#8220;), ayant son si\u00e8ge social sis \u00e0 Corso Venezia 36, 20121 &#8211; Milan (MI), adresse e-mail privacy@dsgroup.it (ci-apr\u00e8s, par souci de concision, &#8220;Propri\u00e9taire&#8220;), fournit \u00e0 l&#8217;utilisateur l\u2019int\u00e9gralit\u00e9 des informations concernant les cookies install\u00e9s sur le site https:\/\/www.distancesales.com\/ (ci-apr\u00e8s, par souci de concision, &#8220;Utilisateur&#8221; et &#8220;Site&#8220;) ainsi que &hellip; Continued","og_url":"https:\/\/www.distancesales.com\/fr\/cookie-policy\/","og_site_name":"Distance Sales: assister les clients \u00e0 distance","article_modified_time":"2024-11-08T10:41:29+00:00","twitter_card":"summary_large_image","twitter_misc":{"Est. reading time":"5 minutes"},"schema":{"@context":"https:\/\/schema.org","@graph":[{"@type":"WebPage","@id":"https:\/\/www.distancesales.com\/fr\/cookie-policy\/","url":"https:\/\/www.distancesales.com\/fr\/cookie-policy\/","name":"Cookie Policy - Distance Sales: assister les clients \u00e0 distance","isPartOf":{"@id":"https:\/\/www.distancesales.com\/fr\/#website"},"datePublished":"2023-09-11T15:40:55+00:00","dateModified":"2024-11-08T10:41:29+00:00","breadcrumb":{"@id":"https:\/\/www.distancesales.com\/fr\/cookie-policy\/#breadcrumb"},"inLanguage":"fr-FR","potentialAction":[{"@type":"ReadAction","target":["https:\/\/www.distancesales.com\/fr\/cookie-policy\/"]}]},{"@type":"BreadcrumbList","@id":"https:\/\/www.distancesales.com\/fr\/cookie-policy\/#breadcrumb","itemListElement":[{"@type":"ListItem","position":1,"name":"Home","item":"https:\/\/www.distancesales.com\/fr\/"},{"@type":"ListItem","position":2,"name":"Cookie Policy"}]},{"@type":"WebSite","@id":"https:\/\/www.distancesales.com\/fr\/#website","url":"https:\/\/www.distancesales.com\/fr\/","name":"Distance Sales: assister les clients \u00e0 distance","description":"Distance Sales est l&#039;alternative au conseil en personne, qui vous permet d&#039;offrir une exp\u00e9rience personnalis\u00e9e aux clients, o\u00f9 qu&#039;ils se trouvent.","potentialAction":[{"@type":"SearchAction","target":{"@type":"EntryPoint","urlTemplate":"https:\/\/www.distancesales.com\/fr\/?s={search_term_string}"},"query-input":{"@type":"PropertyValueSpecification","valueRequired":true,"valueName":"search_term_string"}}],"inLanguage":"fr-FR"}]}},"_links":{"self":[{"href":"https:\/\/www.distancesales.com\/fr\/wp-json\/wp\/v2\/pages\/1945","targetHints":{"allow":["GET"]}}],"collection":[{"href":"https:\/\/www.distancesales.com\/fr\/wp-json\/wp\/v2\/pages"}],"about":[{"href":"https:\/\/www.distancesales.com\/fr\/wp-json\/wp\/v2\/types\/page"}],"author":[{"embeddable":true,"href":"https:\/\/www.distancesales.com\/fr\/wp-json\/wp\/v2\/users\/2"}],"replies":[{"embeddable":true,"href":"https:\/\/www.distancesales.com\/fr\/wp-json\/wp\/v2\/comments?post=1945"}],"version-history":[{"count":13,"href":"https:\/\/www.distancesales.com\/fr\/wp-json\/wp\/v2\/pages\/1945\/revisions"}],"predecessor-version":[{"id":3198,"href":"https:\/\/www.distancesales.com\/fr\/wp-json\/wp\/v2\/pages\/1945\/revisions\/3198"}],"wp:attachment":[{"href":"https:\/\/www.distancesales.com\/fr\/wp-json\/wp\/v2\/media?parent=1945"}],"curies":[{"name":"wp","href":"https:\/\/api.w.org\/{rel}","templated":true}]}}