{"id":1903,"date":"2023-07-24T11:33:29","date_gmt":"2023-07-24T09:33:29","guid":{"rendered":"https:\/\/dsgroup.intarget.net\/privacy-policy\/"},"modified":"2024-10-23T18:07:58","modified_gmt":"2024-10-23T16:07:58","slug":"privacy-policy","status":"publish","type":"page","link":"https:\/\/www.distancesales.com\/fr\/privacy-policy\/","title":{"rendered":"Politique de confidentialit\u00e9"},"content":{"rendered":"<p>En application de l&#8217;article 13 du R\u00e8glement europ\u00e9en 679\/2016 relatif \u00e0 la protection des donn\u00e9es \u00e0 caract\u00e8re personnel, dit &#8220;R\u00e8glement g\u00e9n\u00e9ral sur la protection des donn\u00e9es&#8221; (&#8220;RGPD&#8221;), nous vous informons que ce site internet (ci-apr\u00e8s, le &#8220;<strong>Site<\/strong>&#8220;) collecte les donn\u00e9es personnelles des utilisateurs qui le visitent (ci-apr\u00e8s, les &#8220;<strong>Utilisateurs<\/strong>&#8220;).<\/p>\n<h3><b>Responsable du traitement des donn\u00e9es<\/b><\/h3>\n<p>Le Responsable du traitement des donn\u00e9es (ci-apr\u00e8s, le &#8220;<strong>Responsable du traitement<\/strong>&#8220;) de vos Donn\u00e9es Personnelles est DS Group S.p.A., dont le si\u00e8ge social est situ\u00e9 Corso Venezia 36, 20121 &#8211; Milan (MI), en la personne de son repr\u00e9sentant l\u00e9gal en exercice.<\/p>\n<p>Pour toute information et\/ou demande relative au traitement des donn\u00e9es personnelles op\u00e9r\u00e9 sur le Site, vous pouvez contacter le Responsable du traitement \u00e0 l&#8217;adresse postale indiqu\u00e9e pr\u00e9c\u00e9demment, ainsi qu\u2019\u00e0 l&#8217;adresse \u00e9lectronique : <a href=\"mailto:privacy@dsgroup.it\">privacy@dsgroup.it<\/a>.<\/p>\n<p>Le Responsable du traitement des donn\u00e9es indique avoir d\u00e9sign\u00e9 un D\u00e9l\u00e9gu\u00e9 \u00e0 la protection des donn\u00e9es (&#8220;DPO&#8221;), joignable \u00e0 l&#8217;adresse <a href=\"mailto:dpo@dsgroup.it\">dpo@dsgroup.it<\/a>.<\/p>\n<h3><b>Types de donn\u00e9es collect\u00e9es<\/b><\/h3>\n<p>Les donn\u00e9es personnelles peuvent \u00eatre librement fournies par l&#8217;utilisateur (par exemple, en envoyant des demandes via des formulaires ou en contactant les adresses \u00e9lectroniques du site) ou, dans le cas des donn\u00e9es d&#8217;utilisation, automatiquement collect\u00e9es lors de l&#8217;utilisation de ce site.<br \/>\nLes syst\u00e8mes informatiques et les proc\u00e9dures logicielles utilis\u00e9s pour faire fonctionner ce Site acqui\u00e8rent \u00e9galement, au cours de leur fonctionnement normal, certaines donn\u00e9es personnelles dont la transmission est implicite dans l&#8217;utilisation des protocoles de communication Internet.<\/p>\n<p>Cette cat\u00e9gorie de donn\u00e9es comprend les adresses IP ou les noms de domaine des ordinateurs et des terminaux utilis\u00e9s par les Utilisateurs, les adresses en notation URI\/URL (Uniform Resource Identifier\/Locator) des ressources demand\u00e9es, l&#8217;heure de la demande, la m\u00e9thode utilis\u00e9e pour soumettre la demande au serveur, la taille du fichier obtenu en r\u00e9ponse, le code num\u00e9rique indiquant l&#8217;\u00e9tat de la r\u00e9ponse donn\u00e9e par le serveur (succ\u00e8s, erreur, etc.) et d&#8217;autres param\u00e8tres relatifs au syst\u00e8me d&#8217;exploitation et \u00e0 l&#8217;environnement informatique de l&#8217;Utilisateur.<\/p>\n<p>Ces donn\u00e9es, n\u00e9cessaires \u00e0 l&#8217;utilisation des services Web, sont \u00e9galement trait\u00e9es dans le but de:<\/p>\n<p>&#8211; obtenir des informations statistiques sur l&#8217;utilisation des services (pages les plus visit\u00e9es, nombre de visiteurs par tranche horaire ou par jour, zones g\u00e9ographiques d&#8217;origine, etc.) ;<br \/>\n&#8211; contr\u00f4ler le bon fonctionnement des services offerts.<\/p>\n<p>Les donn\u00e9es de navigation sont conserv\u00e9es pour une dur\u00e9e maximum de sept jours (sauf en cas d&#8217;enqu\u00eates p\u00e9nales men\u00e9es par les autorit\u00e9s judiciaires).<\/p>\n<p>Ce Site utilise des cookies, c&#8217;est-\u00e0-dire de petits fichiers texte que les sites visit\u00e9s par les utilisateurs envoient \u00e0 leurs terminaux, o\u00f9 ils sont stock\u00e9s et ensuite retransmis aux m\u00eames sites lors de visites ult\u00e9rieures. Pour plus d&#8217;informations sur l&#8217;utilisation des cookies, veuillez consulter la <a href=\"https:\/\/www.distancesales.com\/fr\/cookie-policy\/\">Politique en mati\u00e8re de cookies<\/a>.<\/p>\n<p>L&#8217;envoi de messages via les formulaires pr\u00e9vus \u00e0 cet effet sur le site (par exemple, les formulaires &#8220;Demandez une d\u00e9mo&#8221;) implique l&#8217;acquisition ult\u00e9rieure des donn\u00e9es fournies par l&#8217;utilisateur.<\/p>\n<h3><b>Modalit\u00e9s et lieu de traitement des donn\u00e9es<\/b><\/h3>\n<p>Le Responsable du traitement adopte les mesures de s\u00e9curit\u00e9 appropri\u00e9es afin d\u2019\u00e9viter l&#8217;acc\u00e8s, la divulgation, la modification ou la destruction non autoris\u00e9s des donn\u00e9es personnelles. Le traitement est effectu\u00e9 \u00e0 l&#8217;aide d&#8217;outils informatiques et\/ou t\u00e9l\u00e9matiques, selon des m\u00e9thodes d&#8217;organisation et une logique strictement li\u00e9e aux finalit\u00e9s indiqu\u00e9es.<\/p>\n<p>Les donn\u00e9es sont trait\u00e9es par des personnes autoris\u00e9es audit traitement de donn\u00e9es et impliqu\u00e9es dans l&#8217;organisation de ce Site (par exemple, personnel op\u00e9rant dans le cadre de services administratifs, commerciaux, de marketing, juridiques, administrateurs syst\u00e8me) ou par des parties externes (par exemple, des fournisseurs de services techniques tiers, des fournisseurs d&#8217;h\u00e9bergement, des soci\u00e9t\u00e9s informatiques, des agences de communication) \u00e9galement d\u00e9sign\u00e9es, si n\u00e9cessaire, charg\u00e9s du traitement (ci-apr\u00e8s, &#8221; <strong>Gestionnaires<\/strong> &#8220;) par le Responsable du traitement (conform\u00e9ment \u00e0 l&#8217;article 28 du RGPD). La liste actualis\u00e9e des Gestionnaires de donn\u00e9es peut \u00eatre demand\u00e9e au Responsable du traitement \u00e0 tout moment. Les donn\u00e9es personnelles peuvent \u00e9galement \u00eatre divulgu\u00e9es, conform\u00e9ment \u00e0 la loi, aux forces de police, aux autorit\u00e9s judiciaires, aux organismes d&#8217;information et de s\u00e9curit\u00e9 ou \u00e0 d&#8217;autres entit\u00e9s publiques \u00e0 des fins de d\u00e9fense ou de s\u00e9curit\u00e9 de l&#8217;\u00c9tat ou de pr\u00e9vention, de d\u00e9tection ou de r\u00e9pression des crimes.<\/p>\n<h3>Lieu<\/h3>\n<p>Les Donn\u00e9es sont trait\u00e9es aupr\u00e8s du si\u00e8ge op\u00e9rationnel du Responsable du traitement et dans tout autre lieu o\u00f9 se trouvent les parties impliqu\u00e9es dans le traitement. Les donn\u00e9es personnelles des Utilisateurs peuvent \u00eatre transf\u00e9r\u00e9es vers des pays tiers qui garantissent un niveau de s\u00e9curit\u00e9 ad\u00e9quat aux normes europ\u00e9ennes et pour lesquels la Commission europ\u00e9enne a \u00e9mis une d\u00e9cision d&#8217;ad\u00e9quation conform\u00e9ment \u00e0 l&#8217;article 45 RGPD ou uniquement lorsque, sauf exception aux sens de l\u2019art. 49 du RGPD, le Responsable du traitement a souscrit, avec les tiers ayant l&#8217;intention de recevoir des donn\u00e9es et ayant leur si\u00e8ge dans des pays hors-UE qui ne garantissent pas un niveau de s\u00e9curit\u00e9 ad\u00e9quat aux normes europ\u00e9ennes , des clauses contractuelles types ou tout autre instrument appropri\u00e9 conform\u00e9ment \u00e0 l&#8217;article 46 RGPD, compl\u00e9t\u00e9s \u00e9ventuellement par des mesures de s\u00e9curit\u00e9 suppl\u00e9mentaires.<\/p>\n<h3><b>Base juridique et finalit\u00e9 du Traitement des Donn\u00e9es collect\u00e9es<\/b><\/h3>\n<p>Le traitement des donn\u00e9es personnelles de l&#8217;Utilisateur par le Responsable du traitement vise \u00e0:<\/p>\n<p>(a) poursuivre, conform\u00e9ment \u00e0 l&#8217;article 6.1(f) du RGPD, un int\u00e9r\u00eat l\u00e9gitime propre, consistant en la gestion et l&#8217;exploitation du site, ainsi qu&#8217;\u00e0 assurer la s\u00e9curit\u00e9 du site et des informations qui y sont \u00e9chang\u00e9es, c&#8217;est-\u00e0-dire la capacit\u00e9 de ce Site \u00e0 r\u00e9sister, \u00e0 un niveau de s\u00e9curit\u00e9 donn\u00e9, \u00e0 des \u00e9v\u00e9nements impr\u00e9vus ou \u00e0 des actes illicites ou malveillants qui compromettent la disponibilit\u00e9, l&#8217;authenticit\u00e9, l&#8217;int\u00e9grit\u00e9 et la confidentialit\u00e9 des donn\u00e9es personnelles stock\u00e9es ou transmises et la s\u00e9curit\u00e9 des services connexes offerts ou rendus accessibles;<\/p>\n<p>b) traiter les demandes d&#8217;information transmises via les formulaires pr\u00e9vus \u00e0 cet effet disponibles sur le site conform\u00e9ment \u00e0 l&#8217;article 6.1(b) du RGPD.<\/p>\n<h3><b>Cons\u00e9quences du refus de fournir des donn\u00e9es<\/b><\/h3>\n<p>La fourniture des donn\u00e9es aux fins \u00e9nonc\u00e9es au paragraphe ci-dessus est obligatoire et fonctionnelle \u00e0 la poursuite des objectifs d\u00e9crits au paragraphe ci-dessus. Tout refus de l&#8217;Utilisateur \u00e0 un tel traitement rendrait donc impossible le fonctionnement du Site ou la r\u00e9ponse \u00e0 la demande d&#8217;information de l&#8217;Utilisateur.<\/p>\n<h3><b>Dur\u00e9e de conservation des donn\u00e9es<\/b><\/h3>\n<p>Les donn\u00e9es personnelles de l&#8217;utilisateur sont trait\u00e9es par le responsable du traitement (a) pendant le temps n\u00e9cessaire \u00e0 la v\u00e9rification des actes illicites commis sur le site, dans le cas des finalit\u00e9s vis\u00e9es au point a), ainsi que pendant le temps n\u00e9cessaire pour r\u00e9pondre \u00e0 la demande d&#8217;information de l&#8217;utilisateur, dans le cas des finalit\u00e9s vis\u00e9es au point b).<\/p>\n<h3><b>Droits des Utilisateurs<\/b><\/h3>\n<p>L&#8217;Utilisateur se voit garantir les droits \u00e9nonc\u00e9s aux articles 15 et suivants du RGPD, consistant essentiellement dans le droit de recevoir du Responsable du traitement des informations concernant l&#8217;existence d&#8217;un traitement de ses donn\u00e9es personnelles, ainsi que d&#8217;acc\u00e9der \u00e0 ses propres donn\u00e9es, de les faire rectifier, compl\u00e9ter, mettre \u00e0 jour ou supprimer ; chaque personne concern\u00e9e a \u00e9galement le droit d&#8217;obtenir une copie de ses donn\u00e9es, d&#8217;obtenir une limitation du traitement et\/ou de s&#8217;y opposer, ainsi que le droit \u00e0 la portabilit\u00e9 des donn\u00e9es et de d\u00e9poser une r\u00e9clamation aupr\u00e8s du Garante per la protezione dei dati personali (Autorit\u00e9 italienne garante de la protection des donn\u00e9es personnelles), selon les proc\u00e9dures et les indications publi\u00e9es sur le site web de l\u2019Autorit\u00e9, disponibles \u00e0 l\u2019adresse <a href=\"https:\/\/www.garanteprivacy.it\/\" target=\"_blank\" rel=\"noopener\">https:\/\/www.garanteprivacy.it\/<\/a>.<\/p>\n<p>Pour exercer ces droits, l&#8217;Utilisateur peut adresser une communication au Responsable du traitement \u00e0 l&#8217;adresse indiqu\u00e9e dans l\u2019en-t\u00eate de la page par lettre recommand\u00e9e avec accus\u00e9 de r\u00e9ception ou par courrier \u00e9lectronique \u00e0 l&#8217;adresse: <a href=\"mailto:privacy@dsgroup.it\">privacy@dsgroup.it<\/a> ou en contactant le D\u00e9l\u00e9gu\u00e9 \u00e0 la protection des donn\u00e9es \u00e0 l&#8217;adresse <a href=\"mailto:dpo@dsgroup.it\">dpo@dsgroup.it<\/a>.<\/p>\n<h3>Informations compl\u00e9mentaires sur le traitement<\/h3>\n<h4>Modifications de la pr\u00e9sente politique de confidentialit\u00e9<\/h4>\n<p>Le Responsable du traitement se r\u00e9serve le droit d&#8217;apporter des modifications \u00e0 la pr\u00e9sente politique de confidentialit\u00e9 \u00e0 tout moment en informant les Utilisateurs sur ce Site et, lorsque cela est techniquement et l\u00e9galement possible, en envoyant une notification aux Utilisateurs \u00e0 l&#8217;une des coordonn\u00e9es d\u00e9tenues par le Responsable du traitement.<\/p>\n<p>Date de la derni\u00e8re mise \u00e8 jour : 23.10.2024.<\/p>\n","protected":false},"excerpt":{"rendered":"<p>En application de l&#8217;article 13 du R\u00e8glement europ\u00e9en 679\/2016 relatif \u00e0 la protection des donn\u00e9es \u00e0 caract\u00e8re personnel, dit &#8220;R\u00e8glement g\u00e9n\u00e9ral sur la protection des donn\u00e9es&#8221; (&#8220;RGPD&#8221;), nous vous informons que ce site internet (ci-apr\u00e8s, le &#8220;Site&#8220;) collecte les donn\u00e9es personnelles des utilisateurs qui le visitent (ci-apr\u00e8s, les &#8220;Utilisateurs&#8220;). Responsable du traitement des donn\u00e9es Le &hellip; <a href=\"https:\/\/www.distancesales.com\/fr\/privacy-policy\/\">Continued<\/a><\/p>\n","protected":false},"author":2,"featured_media":0,"parent":0,"menu_order":0,"comment_status":"closed","ping_status":"open","template":"","meta":{"_acf_changed":false,"inline_featured_image":false,"_monsterinsights_skip_tracking":false,"_monsterinsights_sitenote_active":false,"_monsterinsights_sitenote_note":"","_monsterinsights_sitenote_category":0,"footnotes":""},"class_list":["post-1903","page","type-page","status-publish","hentry"],"acf":[],"yoast_head":"<!-- This site is optimized with the Yoast SEO plugin v24.5 - https:\/\/yoast.com\/wordpress\/plugins\/seo\/ -->\n<title>Politique de confidentialit\u00e9 - Distance Sales: assister les clients \u00e0 distance<\/title>\n<meta name=\"robots\" content=\"index, follow, max-snippet:-1, max-image-preview:large, max-video-preview:-1\" \/>\n<link rel=\"canonical\" href=\"https:\/\/www.distancesales.com\/fr\/privacy-policy\/\" \/>\n<meta property=\"og:locale\" content=\"fr_FR\" \/>\n<meta property=\"og:type\" content=\"article\" \/>\n<meta property=\"og:title\" content=\"Politique de confidentialit\u00e9 - Distance Sales: assister les clients \u00e0 distance\" \/>\n<meta property=\"og:description\" content=\"En application de l&#8217;article 13 du R\u00e8glement europ\u00e9en 679\/2016 relatif \u00e0 la protection des donn\u00e9es \u00e0 caract\u00e8re personnel, dit &#8220;R\u00e8glement g\u00e9n\u00e9ral sur la protection des donn\u00e9es&#8221; (&#8220;RGPD&#8221;), nous vous informons que ce site internet (ci-apr\u00e8s, le &#8220;Site&#8220;) collecte les donn\u00e9es personnelles des utilisateurs qui le visitent (ci-apr\u00e8s, les &#8220;Utilisateurs&#8220;). Responsable du traitement des donn\u00e9es Le &hellip; Continued\" \/>\n<meta property=\"og:url\" content=\"https:\/\/www.distancesales.com\/fr\/privacy-policy\/\" \/>\n<meta property=\"og:site_name\" content=\"Distance Sales: assister les clients \u00e0 distance\" \/>\n<meta property=\"article:modified_time\" content=\"2024-10-23T16:07:58+00:00\" \/>\n<meta name=\"twitter:card\" content=\"summary_large_image\" \/>\n<meta name=\"twitter:label1\" content=\"Est. reading time\" \/>\n\t<meta name=\"twitter:data1\" content=\"6 minutes\" \/>\n<script type=\"application\/ld+json\" class=\"yoast-schema-graph\">{\"@context\":\"https:\/\/schema.org\",\"@graph\":[{\"@type\":\"WebPage\",\"@id\":\"https:\/\/www.distancesales.com\/fr\/privacy-policy\/\",\"url\":\"https:\/\/www.distancesales.com\/fr\/privacy-policy\/\",\"name\":\"Politique de confidentialit\u00e9 - Distance Sales: assister les clients \u00e0 distance\",\"isPartOf\":{\"@id\":\"https:\/\/www.distancesales.com\/fr\/#website\"},\"datePublished\":\"2023-07-24T09:33:29+00:00\",\"dateModified\":\"2024-10-23T16:07:58+00:00\",\"breadcrumb\":{\"@id\":\"https:\/\/www.distancesales.com\/fr\/privacy-policy\/#breadcrumb\"},\"inLanguage\":\"fr-FR\",\"potentialAction\":[{\"@type\":\"ReadAction\",\"target\":[\"https:\/\/www.distancesales.com\/fr\/privacy-policy\/\"]}]},{\"@type\":\"BreadcrumbList\",\"@id\":\"https:\/\/www.distancesales.com\/fr\/privacy-policy\/#breadcrumb\",\"itemListElement\":[{\"@type\":\"ListItem\",\"position\":1,\"name\":\"Home\",\"item\":\"https:\/\/www.distancesales.com\/fr\/\"},{\"@type\":\"ListItem\",\"position\":2,\"name\":\"Politique de confidentialit\u00e9\"}]},{\"@type\":\"WebSite\",\"@id\":\"https:\/\/www.distancesales.com\/fr\/#website\",\"url\":\"https:\/\/www.distancesales.com\/fr\/\",\"name\":\"Distance Sales: assister les clients \u00e0 distance\",\"description\":\"Distance Sales est l&#039;alternative au conseil en personne, qui vous permet d&#039;offrir une exp\u00e9rience personnalis\u00e9e aux clients, o\u00f9 qu&#039;ils se trouvent.\",\"potentialAction\":[{\"@type\":\"SearchAction\",\"target\":{\"@type\":\"EntryPoint\",\"urlTemplate\":\"https:\/\/www.distancesales.com\/fr\/?s={search_term_string}\"},\"query-input\":{\"@type\":\"PropertyValueSpecification\",\"valueRequired\":true,\"valueName\":\"search_term_string\"}}],\"inLanguage\":\"fr-FR\"}]}<\/script>\n<!-- \/ Yoast SEO plugin. -->","yoast_head_json":{"title":"Politique de confidentialit\u00e9 - Distance Sales: assister les clients \u00e0 distance","robots":{"index":"index","follow":"follow","max-snippet":"max-snippet:-1","max-image-preview":"max-image-preview:large","max-video-preview":"max-video-preview:-1"},"canonical":"https:\/\/www.distancesales.com\/fr\/privacy-policy\/","og_locale":"fr_FR","og_type":"article","og_title":"Politique de confidentialit\u00e9 - Distance Sales: assister les clients \u00e0 distance","og_description":"En application de l&#8217;article 13 du R\u00e8glement europ\u00e9en 679\/2016 relatif \u00e0 la protection des donn\u00e9es \u00e0 caract\u00e8re personnel, dit &#8220;R\u00e8glement g\u00e9n\u00e9ral sur la protection des donn\u00e9es&#8221; (&#8220;RGPD&#8221;), nous vous informons que ce site internet (ci-apr\u00e8s, le &#8220;Site&#8220;) collecte les donn\u00e9es personnelles des utilisateurs qui le visitent (ci-apr\u00e8s, les &#8220;Utilisateurs&#8220;). Responsable du traitement des donn\u00e9es Le &hellip; Continued","og_url":"https:\/\/www.distancesales.com\/fr\/privacy-policy\/","og_site_name":"Distance Sales: assister les clients \u00e0 distance","article_modified_time":"2024-10-23T16:07:58+00:00","twitter_card":"summary_large_image","twitter_misc":{"Est. reading time":"6 minutes"},"schema":{"@context":"https:\/\/schema.org","@graph":[{"@type":"WebPage","@id":"https:\/\/www.distancesales.com\/fr\/privacy-policy\/","url":"https:\/\/www.distancesales.com\/fr\/privacy-policy\/","name":"Politique de confidentialit\u00e9 - Distance Sales: assister les clients \u00e0 distance","isPartOf":{"@id":"https:\/\/www.distancesales.com\/fr\/#website"},"datePublished":"2023-07-24T09:33:29+00:00","dateModified":"2024-10-23T16:07:58+00:00","breadcrumb":{"@id":"https:\/\/www.distancesales.com\/fr\/privacy-policy\/#breadcrumb"},"inLanguage":"fr-FR","potentialAction":[{"@type":"ReadAction","target":["https:\/\/www.distancesales.com\/fr\/privacy-policy\/"]}]},{"@type":"BreadcrumbList","@id":"https:\/\/www.distancesales.com\/fr\/privacy-policy\/#breadcrumb","itemListElement":[{"@type":"ListItem","position":1,"name":"Home","item":"https:\/\/www.distancesales.com\/fr\/"},{"@type":"ListItem","position":2,"name":"Politique de confidentialit\u00e9"}]},{"@type":"WebSite","@id":"https:\/\/www.distancesales.com\/fr\/#website","url":"https:\/\/www.distancesales.com\/fr\/","name":"Distance Sales: assister les clients \u00e0 distance","description":"Distance Sales est l&#039;alternative au conseil en personne, qui vous permet d&#039;offrir une exp\u00e9rience personnalis\u00e9e aux clients, o\u00f9 qu&#039;ils se trouvent.","potentialAction":[{"@type":"SearchAction","target":{"@type":"EntryPoint","urlTemplate":"https:\/\/www.distancesales.com\/fr\/?s={search_term_string}"},"query-input":{"@type":"PropertyValueSpecification","valueRequired":true,"valueName":"search_term_string"}}],"inLanguage":"fr-FR"}]}},"_links":{"self":[{"href":"https:\/\/www.distancesales.com\/fr\/wp-json\/wp\/v2\/pages\/1903","targetHints":{"allow":["GET"]}}],"collection":[{"href":"https:\/\/www.distancesales.com\/fr\/wp-json\/wp\/v2\/pages"}],"about":[{"href":"https:\/\/www.distancesales.com\/fr\/wp-json\/wp\/v2\/types\/page"}],"author":[{"embeddable":true,"href":"https:\/\/www.distancesales.com\/fr\/wp-json\/wp\/v2\/users\/2"}],"replies":[{"embeddable":true,"href":"https:\/\/www.distancesales.com\/fr\/wp-json\/wp\/v2\/comments?post=1903"}],"version-history":[{"count":6,"href":"https:\/\/www.distancesales.com\/fr\/wp-json\/wp\/v2\/pages\/1903\/revisions"}],"predecessor-version":[{"id":3186,"href":"https:\/\/www.distancesales.com\/fr\/wp-json\/wp\/v2\/pages\/1903\/revisions\/3186"}],"wp:attachment":[{"href":"https:\/\/www.distancesales.com\/fr\/wp-json\/wp\/v2\/media?parent=1903"}],"curies":[{"name":"wp","href":"https:\/\/api.w.org\/{rel}","templated":true}]}}