{"id":1601,"date":"2023-07-26T16:42:57","date_gmt":"2023-07-26T14:42:57","guid":{"rendered":"https:\/\/dsgroup.intarget.net\/platform\/"},"modified":"2024-06-06T16:49:19","modified_gmt":"2024-06-06T14:49:19","slug":"platforme","status":"publish","type":"page","link":"https:\/\/www.distancesales.com\/fr\/platforme\/","title":{"rendered":"Platforme"},"content":{"rendered":"","protected":false},"excerpt":{"rendered":"","protected":false},"author":2,"featured_media":0,"parent":0,"menu_order":0,"comment_status":"closed","ping_status":"closed","template":"template-flessibile.blade.php","meta":{"_acf_changed":false,"inline_featured_image":false,"_monsterinsights_skip_tracking":false,"_monsterinsights_sitenote_active":false,"_monsterinsights_sitenote_note":"","_monsterinsights_sitenote_category":0,"footnotes":""},"class_list":["post-1601","page","type-page","status-publish","hentry"],"acf":[],"yoast_head":"<!-- This site is optimized with the Yoast SEO plugin v24.5 - https:\/\/yoast.com\/wordpress\/plugins\/seo\/ -->\n<title>Platforme - Distance Sales: assister les clients \u00e0 distance<\/title>\n<meta name=\"robots\" content=\"index, follow, max-snippet:-1, max-image-preview:large, max-video-preview:-1\" \/>\n<link rel=\"canonical\" href=\"https:\/\/www.distancesales.com\/fr\/platforme\/\" \/>\n<meta property=\"og:locale\" content=\"fr_FR\" \/>\n<meta property=\"og:type\" content=\"article\" \/>\n<meta property=\"og:title\" content=\"Platforme - Distance Sales: assister les clients \u00e0 distance\" \/>\n<meta property=\"og:url\" content=\"https:\/\/www.distancesales.com\/fr\/platforme\/\" \/>\n<meta property=\"og:site_name\" content=\"Distance Sales: assister les clients \u00e0 distance\" \/>\n<meta property=\"article:modified_time\" content=\"2024-06-06T14:49:19+00:00\" \/>\n<meta name=\"twitter:card\" content=\"summary_large_image\" \/>\n<script type=\"application\/ld+json\" class=\"yoast-schema-graph\">{\"@context\":\"https:\/\/schema.org\",\"@graph\":[{\"@type\":\"WebPage\",\"@id\":\"https:\/\/www.distancesales.com\/fr\/platforme\/\",\"url\":\"https:\/\/www.distancesales.com\/fr\/platforme\/\",\"name\":\"Platforme - Distance Sales: assister les clients \u00e0 distance\",\"isPartOf\":{\"@id\":\"https:\/\/www.distancesales.com\/fr\/#website\"},\"datePublished\":\"2023-07-26T14:42:57+00:00\",\"dateModified\":\"2024-06-06T14:49:19+00:00\",\"breadcrumb\":{\"@id\":\"https:\/\/www.distancesales.com\/fr\/platforme\/#breadcrumb\"},\"inLanguage\":\"fr-FR\",\"potentialAction\":[{\"@type\":\"ReadAction\",\"target\":[\"https:\/\/www.distancesales.com\/fr\/platforme\/\"]}]},{\"@type\":\"BreadcrumbList\",\"@id\":\"https:\/\/www.distancesales.com\/fr\/platforme\/#breadcrumb\",\"itemListElement\":[{\"@type\":\"ListItem\",\"position\":1,\"name\":\"Home\",\"item\":\"https:\/\/www.distancesales.com\/fr\/\"},{\"@type\":\"ListItem\",\"position\":2,\"name\":\"Platforme\"}]},{\"@type\":\"WebSite\",\"@id\":\"https:\/\/www.distancesales.com\/fr\/#website\",\"url\":\"https:\/\/www.distancesales.com\/fr\/\",\"name\":\"Distance Sales: assister les clients \u00e0 distance\",\"description\":\"Distance Sales est l&#039;alternative au conseil en personne, qui vous permet d&#039;offrir une exp\u00e9rience personnalis\u00e9e aux clients, o\u00f9 qu&#039;ils se trouvent.\",\"potentialAction\":[{\"@type\":\"SearchAction\",\"target\":{\"@type\":\"EntryPoint\",\"urlTemplate\":\"https:\/\/www.distancesales.com\/fr\/?s={search_term_string}\"},\"query-input\":{\"@type\":\"PropertyValueSpecification\",\"valueRequired\":true,\"valueName\":\"search_term_string\"}}],\"inLanguage\":\"fr-FR\"}]}<\/script>\n<!-- \/ Yoast SEO plugin. -->","yoast_head_json":{"title":"Platforme - Distance Sales: assister les clients \u00e0 distance","robots":{"index":"index","follow":"follow","max-snippet":"max-snippet:-1","max-image-preview":"max-image-preview:large","max-video-preview":"max-video-preview:-1"},"canonical":"https:\/\/www.distancesales.com\/fr\/platforme\/","og_locale":"fr_FR","og_type":"article","og_title":"Platforme - Distance Sales: assister les clients \u00e0 distance","og_url":"https:\/\/www.distancesales.com\/fr\/platforme\/","og_site_name":"Distance Sales: assister les clients \u00e0 distance","article_modified_time":"2024-06-06T14:49:19+00:00","twitter_card":"summary_large_image","schema":{"@context":"https:\/\/schema.org","@graph":[{"@type":"WebPage","@id":"https:\/\/www.distancesales.com\/fr\/platforme\/","url":"https:\/\/www.distancesales.com\/fr\/platforme\/","name":"Platforme - Distance Sales: assister les clients \u00e0 distance","isPartOf":{"@id":"https:\/\/www.distancesales.com\/fr\/#website"},"datePublished":"2023-07-26T14:42:57+00:00","dateModified":"2024-06-06T14:49:19+00:00","breadcrumb":{"@id":"https:\/\/www.distancesales.com\/fr\/platforme\/#breadcrumb"},"inLanguage":"fr-FR","potentialAction":[{"@type":"ReadAction","target":["https:\/\/www.distancesales.com\/fr\/platforme\/"]}]},{"@type":"BreadcrumbList","@id":"https:\/\/www.distancesales.com\/fr\/platforme\/#breadcrumb","itemListElement":[{"@type":"ListItem","position":1,"name":"Home","item":"https:\/\/www.distancesales.com\/fr\/"},{"@type":"ListItem","position":2,"name":"Platforme"}]},{"@type":"WebSite","@id":"https:\/\/www.distancesales.com\/fr\/#website","url":"https:\/\/www.distancesales.com\/fr\/","name":"Distance Sales: assister les clients \u00e0 distance","description":"Distance Sales est l&#039;alternative au conseil en personne, qui vous permet d&#039;offrir une exp\u00e9rience personnalis\u00e9e aux clients, o\u00f9 qu&#039;ils se trouvent.","potentialAction":[{"@type":"SearchAction","target":{"@type":"EntryPoint","urlTemplate":"https:\/\/www.distancesales.com\/fr\/?s={search_term_string}"},"query-input":{"@type":"PropertyValueSpecification","valueRequired":true,"valueName":"search_term_string"}}],"inLanguage":"fr-FR"}]}},"_links":{"self":[{"href":"https:\/\/www.distancesales.com\/fr\/wp-json\/wp\/v2\/pages\/1601","targetHints":{"allow":["GET"]}}],"collection":[{"href":"https:\/\/www.distancesales.com\/fr\/wp-json\/wp\/v2\/pages"}],"about":[{"href":"https:\/\/www.distancesales.com\/fr\/wp-json\/wp\/v2\/types\/page"}],"author":[{"embeddable":true,"href":"https:\/\/www.distancesales.com\/fr\/wp-json\/wp\/v2\/users\/2"}],"replies":[{"embeddable":true,"href":"https:\/\/www.distancesales.com\/fr\/wp-json\/wp\/v2\/comments?post=1601"}],"version-history":[{"count":18,"href":"https:\/\/www.distancesales.com\/fr\/wp-json\/wp\/v2\/pages\/1601\/revisions"}],"predecessor-version":[{"id":2808,"href":"https:\/\/www.distancesales.com\/fr\/wp-json\/wp\/v2\/pages\/1601\/revisions\/2808"}],"wp:attachment":[{"href":"https:\/\/www.distancesales.com\/fr\/wp-json\/wp\/v2\/media?parent=1601"}],"curies":[{"name":"wp","href":"https:\/\/api.w.org\/{rel}","templated":true}]}}